{"id":11316,"date":"2023-04-27T13:35:46","date_gmt":"2023-04-27T11:35:46","guid":{"rendered":"https:\/\/20x20-projekt.com\/partenaires\/"},"modified":"2025-04-15T08:26:11","modified_gmt":"2025-04-15T06:26:11","slug":"partenaires","status":"publish","type":"page","link":"https:\/\/20x20-projekt.com\/fr\/partenaires\/","title":{"rendered":"Partenaires"},"content":{"rendered":"\t\t<div data-elementor-type=\"wp-page\" data-elementor-id=\"11316\" class=\"elementor elementor-11316 elementor-11296\">\n\t\t\t\t\t\t<section class=\"elementor-section elementor-top-section elementor-element elementor-element-9566afb elementor-section-content-middle elementor-section-boxed elementor-section-height-default elementor-section-height-default\" data-id=\"9566afb\" data-element_type=\"section\" data-e-type=\"section\">\n\t\t\t\t\t\t<div class=\"elementor-container elementor-column-gap-default\">\n\t\t\t\t\t<div class=\"elementor-column elementor-col-20 elementor-top-column elementor-element elementor-element-fe9d05e\" data-id=\"fe9d05e\" data-element_type=\"column\" data-e-type=\"column\">\n\t\t\t<div class=\"elementor-widget-wrap elementor-element-populated\">\n\t\t\t\t\t\t<div class=\"elementor-element elementor-element-5084af7 elementor-widget elementor-widget-image\" data-id=\"5084af7\" data-element_type=\"widget\" data-e-type=\"widget\" data-widget_type=\"image.default\">\n\t\t\t\t<div class=\"elementor-widget-container\">\n\t\t\t\t\t\t\t\t\t\t\t\t\t\t\t\t<a href=\"https:\/\/www.wasem.de\/de\/\">\n\t\t\t\t\t\t\t<img fetchpriority=\"high\" decoding=\"async\" width=\"600\" height=\"236\" src=\"https:\/\/20x20-projekt.com\/wp-content\/uploads\/2024\/04\/Bild4.png\" class=\"attachment-large size-large wp-image-13169\" alt=\"\" srcset=\"https:\/\/20x20-projekt.com\/wp-content\/uploads\/2024\/04\/Bild4.png 600w, https:\/\/20x20-projekt.com\/wp-content\/uploads\/2024\/04\/Bild4-200x79.png 200w\" sizes=\"(max-width: 600px) 100vw, 600px\" \/>\t\t\t\t\t\t\t\t<\/a>\n\t\t\t\t\t\t\t\t\t\t\t\t\t\t\t<\/div>\n\t\t\t\t<\/div>\n\t\t\t\t<div class=\"elementor-element elementor-element-49d4817 elementor-widget elementor-widget-image\" data-id=\"49d4817\" data-element_type=\"widget\" data-e-type=\"widget\" data-widget_type=\"image.default\">\n\t\t\t\t<div class=\"elementor-widget-container\">\n\t\t\t\t\t\t\t\t\t\t\t\t\t\t\t\t<a href=\"https:\/\/www.weingutwerner.de\/\">\n\t\t\t\t\t\t\t<img decoding=\"async\" width=\"200\" height=\"122\" src=\"https:\/\/20x20-projekt.com\/wp-content\/uploads\/2024\/04\/Bild3.png\" class=\"attachment-large size-large wp-image-13163\" alt=\"\" \/>\t\t\t\t\t\t\t\t<\/a>\n\t\t\t\t\t\t\t\t\t\t\t\t\t\t\t<\/div>\n\t\t\t\t<\/div>\n\t\t\t\t\t<\/div>\n\t\t<\/div>\n\t\t\t\t<div class=\"elementor-column elementor-col-20 elementor-top-column elementor-element elementor-element-80c0c31\" data-id=\"80c0c31\" data-element_type=\"column\" data-e-type=\"column\">\n\t\t\t<div class=\"elementor-widget-wrap elementor-element-populated\">\n\t\t\t\t\t\t<div class=\"elementor-element elementor-element-5b694ff elementor-widget elementor-widget-image\" data-id=\"5b694ff\" data-element_type=\"widget\" data-e-type=\"widget\" data-widget_type=\"image.default\">\n\t\t\t\t<div class=\"elementor-widget-container\">\n\t\t\t\t\t\t\t\t\t\t\t\t\t\t\t\t<a href=\"https:\/\/weingut-merl.de\/\">\n\t\t\t\t\t\t\t<img decoding=\"async\" width=\"240\" height=\"332\" src=\"https:\/\/20x20-projekt.com\/wp-content\/uploads\/2024\/04\/Bild1.jpg\" class=\"attachment-large size-large wp-image-13165\" alt=\"\" srcset=\"https:\/\/20x20-projekt.com\/wp-content\/uploads\/2024\/04\/Bild1.jpg 240w, https:\/\/20x20-projekt.com\/wp-content\/uploads\/2024\/04\/Bild1-145x200.jpg 145w\" sizes=\"(max-width: 240px) 100vw, 240px\" \/>\t\t\t\t\t\t\t\t<\/a>\n\t\t\t\t\t\t\t\t\t\t\t\t\t\t\t<\/div>\n\t\t\t\t<\/div>\n\t\t\t\t\t<\/div>\n\t\t<\/div>\n\t\t\t\t<div class=\"elementor-column elementor-col-20 elementor-top-column elementor-element elementor-element-dfabf40\" data-id=\"dfabf40\" data-element_type=\"column\" data-e-type=\"column\">\n\t\t\t<div class=\"elementor-widget-wrap elementor-element-populated\">\n\t\t\t\t\t\t<div class=\"elementor-element elementor-element-f1c0ac2 elementor-widget elementor-widget-image\" data-id=\"f1c0ac2\" data-element_type=\"widget\" data-e-type=\"widget\" data-widget_type=\"image.default\">\n\t\t\t\t<div class=\"elementor-widget-container\">\n\t\t\t\t\t\t\t\t\t\t\t\t\t\t\t\t<a href=\"https:\/\/weingut-bettenheimer.de\/\">\n\t\t\t\t\t\t\t<img loading=\"lazy\" decoding=\"async\" width=\"320\" height=\"224\" src=\"https:\/\/20x20-projekt.com\/wp-content\/uploads\/2024\/04\/Bild2.png\" class=\"attachment-large size-large wp-image-13167\" alt=\"\" srcset=\"https:\/\/20x20-projekt.com\/wp-content\/uploads\/2024\/04\/Bild2.png 320w, https:\/\/20x20-projekt.com\/wp-content\/uploads\/2024\/04\/Bild2-200x140.png 200w\" sizes=\"(max-width: 320px) 100vw, 320px\" \/>\t\t\t\t\t\t\t\t<\/a>\n\t\t\t\t\t\t\t\t\t\t\t\t\t\t\t<\/div>\n\t\t\t\t<\/div>\n\t\t\t\t\t<\/div>\n\t\t<\/div>\n\t\t\t\t<div class=\"elementor-column elementor-col-20 elementor-top-column elementor-element elementor-element-ac68cab\" data-id=\"ac68cab\" data-element_type=\"column\" data-e-type=\"column\">\n\t\t\t<div class=\"elementor-widget-wrap elementor-element-populated\">\n\t\t\t\t\t\t<div class=\"elementor-element elementor-element-109e13d elementor-widget elementor-widget-image\" data-id=\"109e13d\" data-element_type=\"widget\" data-e-type=\"widget\" data-widget_type=\"image.default\">\n\t\t\t\t<div class=\"elementor-widget-container\">\n\t\t\t\t\t\t\t\t\t\t\t\t\t\t\t\t<a href=\"https:\/\/www.singer-fischer.de\/\">\n\t\t\t\t\t\t\t<img loading=\"lazy\" decoding=\"async\" width=\"800\" height=\"800\" src=\"https:\/\/20x20-projekt.com\/wp-content\/uploads\/2025\/04\/02-Logo-Weingut-Singer-Fischer-Rechteck-800x800.jpg\" class=\"attachment-large size-large wp-image-15849\" alt=\"\" srcset=\"https:\/\/20x20-projekt.com\/wp-content\/uploads\/2025\/04\/02-Logo-Weingut-Singer-Fischer-Rechteck-800x800.jpg 800w, https:\/\/20x20-projekt.com\/wp-content\/uploads\/2025\/04\/02-Logo-Weingut-Singer-Fischer-Rechteck-200x200.jpg 200w, https:\/\/20x20-projekt.com\/wp-content\/uploads\/2025\/04\/02-Logo-Weingut-Singer-Fischer-Rechteck-40x40.jpg 40w, https:\/\/20x20-projekt.com\/wp-content\/uploads\/2025\/04\/02-Logo-Weingut-Singer-Fischer-Rechteck-768x768.jpg 768w, https:\/\/20x20-projekt.com\/wp-content\/uploads\/2025\/04\/02-Logo-Weingut-Singer-Fischer-Rechteck-450x450.jpg 450w, https:\/\/20x20-projekt.com\/wp-content\/uploads\/2025\/04\/02-Logo-Weingut-Singer-Fischer-Rechteck-600x600.jpg 600w, https:\/\/20x20-projekt.com\/wp-content\/uploads\/2025\/04\/02-Logo-Weingut-Singer-Fischer-Rechteck-100x100.jpg 100w, https:\/\/20x20-projekt.com\/wp-content\/uploads\/2025\/04\/02-Logo-Weingut-Singer-Fischer-Rechteck.jpg 1200w\" sizes=\"(max-width: 800px) 100vw, 800px\" \/>\t\t\t\t\t\t\t\t<\/a>\n\t\t\t\t\t\t\t\t\t\t\t\t\t\t\t<\/div>\n\t\t\t\t<\/div>\n\t\t\t\t\t<\/div>\n\t\t<\/div>\n\t\t\t\t<div class=\"elementor-column elementor-col-20 elementor-top-column elementor-element elementor-element-1f0b2c2\" data-id=\"1f0b2c2\" data-element_type=\"column\" data-e-type=\"column\">\n\t\t\t<div class=\"elementor-widget-wrap elementor-element-populated\">\n\t\t\t\t\t\t<div class=\"elementor-element elementor-element-157c557 elementor-widget elementor-widget-image\" data-id=\"157c557\" data-element_type=\"widget\" data-e-type=\"widget\" data-widget_type=\"image.default\">\n\t\t\t\t<div class=\"elementor-widget-container\">\n\t\t\t\t\t\t\t\t\t\t\t\t\t\t\t\t<a href=\"https:\/\/www.ikum-ingelheim.de\/\">\n\t\t\t\t\t\t\t<img loading=\"lazy\" decoding=\"async\" width=\"550\" height=\"160\" src=\"https:\/\/20x20-projekt.com\/wp-content\/uploads\/2025\/03\/55218-IKUM-Ingelheim-Logo-1.jpg\" class=\"attachment-large size-large wp-image-15257\" alt=\"\" srcset=\"https:\/\/20x20-projekt.com\/wp-content\/uploads\/2025\/03\/55218-IKUM-Ingelheim-Logo-1.jpg 550w, https:\/\/20x20-projekt.com\/wp-content\/uploads\/2025\/03\/55218-IKUM-Ingelheim-Logo-1-200x58.jpg 200w\" sizes=\"(max-width: 550px) 100vw, 550px\" \/>\t\t\t\t\t\t\t\t<\/a>\n\t\t\t\t\t\t\t\t\t\t\t\t\t\t\t<\/div>\n\t\t\t\t<\/div>\n\t\t\t\t\t<\/div>\n\t\t<\/div>\n\t\t\t\t\t<\/div>\n\t\t<\/section>\n\t\t\t\t<section class=\"elementor-section elementor-top-section elementor-element elementor-element-4b954344 elementor-section-stretched elementor-section-boxed elementor-section-height-default elementor-section-height-default\" data-id=\"4b954344\" data-element_type=\"section\" data-e-type=\"section\" data-settings=\"{&quot;stretch_section&quot;:&quot;section-stretched&quot;}\">\n\t\t\t\t\t\t<div class=\"elementor-container elementor-column-gap-default\">\n\t\t\t\t\t<div class=\"elementor-column elementor-col-100 elementor-top-column elementor-element elementor-element-788b56b0\" data-id=\"788b56b0\" data-element_type=\"column\" data-e-type=\"column\">\n\t\t\t<div class=\"elementor-widget-wrap elementor-element-populated\">\n\t\t\t\t\t\t<div class=\"elementor-element elementor-element-78dd370 elementor-widget elementor-widget-text-editor\" data-id=\"78dd370\" data-element_type=\"widget\" data-e-type=\"widget\" data-widget_type=\"text-editor.default\">\n\t\t\t\t<div class=\"elementor-widget-container\">\n\t\t\t\t\t\t\t\t\t<p><strong><span style=\"text-decoration: underline;\">D\u00e9bit de boissons\/fingerfood lors du vernissage au Winzerkeller \u00e0 Ingelheim<\/span><\/strong><\/p><p>Domaine viticole Merl &#8211; <a href=\"http:\/\/www.weingut-merl.de\">www.weingut-merl.de<\/a><\/p><p>Domaine viticole Wasem &#8211; <a href=\"http:\/\/www.wasem.de\">www.wasem.de<\/a><\/p><p>Domaine Bettenheimer &#8211; <a href=\"http:\/\/www.weingut-bettenheimer.de\">www.weingut-bettenheimer.de<\/a><\/p><p>Domaine viticole Arndt F. Werner &#8211; <a href=\"http:\/\/www.weingutwerner.de\">www.weingutwerner.de<\/a><\/p><p>Cave du vigneron &#8211; Restaurant &#8211; Bar &#8211; Terrasse &amp; \u00c9v\u00e9nement<\/p><p><strong><span style=\"text-decoration: underline;\">D\u00e9bit de boissons lors des vernissages dans les cabinets psychoth\u00e9rapeutiques Centre de sant\u00e9 de Gonsenheim<\/span><\/strong><\/p><p>Domaine viticole Lindenhof &#8211; www.lindenhof-appenheim.de<\/p><p>Domaine viticole Schweickardt &#8211; www.weingut-schweickardt.de<\/p><p>Domaine viticole Hamm &#8211; www.hamm-weine.de<\/p><p>Merci \u00e0 tous les sponsors qui soutiennent activement le projet 20&#215;20 depuis le d\u00e9but de 2016.<br>Il s&rsquo;agit de tous les artistes qui ont offert des \u0153uvres d&rsquo;art, mais aussi de nombreux b\u00e9n\u00e9voles fid\u00e8les sans lesquels rien ne serait possible. Nous remercions EWC-EasyWareComputer GmbH &amp; Co. KG pour son assistance en mati\u00e8re de programmation et de logiciels.  <\/p><p>Merci \u00e9galement \u00e0 MALUU www.maluu.de<\/p>\t\t\t\t\t\t\t\t<\/div>\n\t\t\t\t<\/div>\n\t\t\t\t\t<\/div>\n\t\t<\/div>\n\t\t\t\t\t<\/div>\n\t\t<\/section>\n\t\t\t\t<\/div>\n\t\t","protected":false},"excerpt":{"rendered":"<p>D\u00e9bit de boissons\/fingerfood lors du vernissage au Winzerkeller \u00e0 Ingelheim Domaine viticole Merl &#8211; www.weingut-merl.de Domaine viticole Wasem &#8211; www.wasem.de Domaine Bettenheimer &#8211; www.weingut-bettenheimer.de Domaine viticole Arndt F. Werner &#8211; www.weingutwerner.de Cave du vigneron &#8211; Restaurant &#8211; Bar &#8211; Terrasse &amp; \u00c9v\u00e9nement D\u00e9bit de boissons lors des vernissages dans les cabinets psychoth\u00e9rapeutiques Centre de sant\u00e9 [&hellip;]<\/p>\n","protected":false},"author":124,"featured_media":0,"parent":0,"menu_order":0,"comment_status":"closed","ping_status":"closed","template":"","meta":{"footnotes":""},"class_list":["post-11316","page","type-page","status-publish","hentry"],"_links":{"self":[{"href":"https:\/\/20x20-projekt.com\/fr\/wp-json\/wp\/v2\/pages\/11316","targetHints":{"allow":["GET"]}}],"collection":[{"href":"https:\/\/20x20-projekt.com\/fr\/wp-json\/wp\/v2\/pages"}],"about":[{"href":"https:\/\/20x20-projekt.com\/fr\/wp-json\/wp\/v2\/types\/page"}],"author":[{"embeddable":true,"href":"https:\/\/20x20-projekt.com\/fr\/wp-json\/wp\/v2\/users\/124"}],"replies":[{"embeddable":true,"href":"https:\/\/20x20-projekt.com\/fr\/wp-json\/wp\/v2\/comments?post=11316"}],"version-history":[{"count":33,"href":"https:\/\/20x20-projekt.com\/fr\/wp-json\/wp\/v2\/pages\/11316\/revisions"}],"predecessor-version":[{"id":15854,"href":"https:\/\/20x20-projekt.com\/fr\/wp-json\/wp\/v2\/pages\/11316\/revisions\/15854"}],"wp:attachment":[{"href":"https:\/\/20x20-projekt.com\/fr\/wp-json\/wp\/v2\/media?parent=11316"}],"curies":[{"name":"wp","href":"https:\/\/api.w.org\/{rel}","templated":true}]}}