{"id":14838,"date":"2024-12-03T13:05:51","date_gmt":"2024-12-03T12:05:51","guid":{"rendered":"https:\/\/20x20-projekt.com\/images-dons\/"},"modified":"2025-03-23T22:17:01","modified_gmt":"2025-03-23T21:17:01","slug":"images-dons","status":"publish","type":"page","link":"https:\/\/20x20-projekt.com\/fr\/images-dons\/","title":{"rendered":"Images Dons"},"content":{"rendered":"\t\t<div data-elementor-type=\"wp-page\" data-elementor-id=\"14838\" class=\"elementor elementor-14838 elementor-14833\">\n\t\t\t\t\t\t<section class=\"elementor-section elementor-top-section elementor-element elementor-element-4701cbf elementor-section-boxed elementor-section-height-default elementor-section-height-default\" data-id=\"4701cbf\" data-element_type=\"section\" data-e-type=\"section\">\n\t\t\t\t\t\t<div class=\"elementor-container elementor-column-gap-default\">\n\t\t\t\t\t<div class=\"elementor-column elementor-col-100 elementor-top-column elementor-element elementor-element-67770a1\" data-id=\"67770a1\" data-element_type=\"column\" data-e-type=\"column\">\n\t\t\t<div class=\"elementor-widget-wrap elementor-element-populated\">\n\t\t\t\t\t\t<div class=\"elementor-element elementor-element-83eecec elementor-widget elementor-widget-heading\" data-id=\"83eecec\" data-element_type=\"widget\" data-e-type=\"widget\" data-widget_type=\"heading.default\">\n\t\t\t\t<div class=\"elementor-widget-container\">\n\t\t\t\t\t<h2 class=\"elementor-heading-title elementor-size-default\">Donner des images<\/h2>\t\t\t\t<\/div>\n\t\t\t\t<\/div>\n\t\t\t\t\t<\/div>\n\t\t<\/div>\n\t\t\t\t\t<\/div>\n\t\t<\/section>\n\t\t\t\t<section class=\"elementor-section elementor-top-section elementor-element elementor-element-66928af elementor-section-boxed elementor-section-height-default elementor-section-height-default\" data-id=\"66928af\" data-element_type=\"section\" data-e-type=\"section\">\n\t\t\t\t\t\t<div class=\"elementor-container elementor-column-gap-default\">\n\t\t\t\t\t<div class=\"elementor-column elementor-col-100 elementor-top-column elementor-element elementor-element-4626b9e\" data-id=\"4626b9e\" data-element_type=\"column\" data-e-type=\"column\">\n\t\t\t<div class=\"elementor-widget-wrap elementor-element-populated\">\n\t\t\t\t\t\t<div class=\"elementor-element elementor-element-1cd0788 elementor-widget elementor-widget-text-editor\" data-id=\"1cd0788\" data-element_type=\"widget\" data-e-type=\"widget\" data-widget_type=\"text-editor.default\">\n\t\t\t\t<div class=\"elementor-widget-container\">\n\t\t\t\t\t\t\t\t\t<p><span style=\"text-decoration: underline;\">Les sp\u00e9cifications :<\/span><\/p>\n<p>&#8211; Date limite de remise 07.04.2025<br \/>&#8211; Par artiste max. 3 \u0153uvres<br \/>&#8211; format 20&#215;20 cm (d&rsquo;autres formats sont propos\u00e9s en ligne mais ne sont pas expos\u00e9s \u00e0 la cave des vignerons)<br \/>&#8211; signature au recto<br \/>&#8211; verso : Nom de l&rsquo;artiste \/ Titre \/ Technique \/ Site web ou adresse mail<\/p>\n\t\t\t\t\t\t\t\t<\/div>\n\t\t\t\t<\/div>\n\t\t\t\t\t<\/div>\n\t\t<\/div>\n\t\t\t\t\t<\/div>\n\t\t<\/section>\n\t\t\t\t<section class=\"elementor-section elementor-top-section elementor-element elementor-element-6548366 elementor-section-boxed elementor-section-height-default elementor-section-height-default\" data-id=\"6548366\" data-element_type=\"section\" data-e-type=\"section\">\n\t\t\t\t\t\t<div class=\"elementor-container elementor-column-gap-default\">\n\t\t\t\t\t<div class=\"elementor-column elementor-col-100 elementor-top-column elementor-element elementor-element-07b88da\" data-id=\"07b88da\" data-element_type=\"column\" data-e-type=\"column\">\n\t\t\t<div class=\"elementor-widget-wrap elementor-element-populated\">\n\t\t\t\t\t\t<div class=\"elementor-element elementor-element-f9cf7ec elementor-widget elementor-widget-text-editor\" data-id=\"f9cf7ec\" data-element_type=\"widget\" data-e-type=\"widget\" data-widget_type=\"text-editor.default\">\n\t\t\t\t<div class=\"elementor-widget-container\">\n\t\t\t\t\t\t\t\t\t<p><span style=\"text-decoration: underline;\">Remise de vos \u0153uvres :<\/span><\/p>\n<p>&#8211; Centre de sant\u00e9 Mainz-Gonsenheim, Kapellenstra\u00dfe 7, 55124 Mainz<strong> sur rendez-vous<\/strong>: info@20&#215;20-projekt.com<br>&#8211; Kunstverein Ingelheim e.V., Bahnhofstra\u00dfe 48, 55218 Ingelheim pendant les expositions (ven 16-18h \/ sam 10-13h \/ dim 14-17h)<br><\/p>\n<p><u>Veuillez noter :<\/u><br>Aucun successeur n&rsquo;ayant \u00e9t\u00e9 trouv\u00e9 \u00e0 ce jour, il n&rsquo;y aura pas de suite au projet en 2026. Merci de nous indiquer si vous pouvez venir chercher les tableaux qui n&rsquo;ont pas \u00e9t\u00e9 enterr\u00e9s ou si vous pouvez les vendre dans le cadre de vernissages au centre de sant\u00e9 de Gonsenheim au profit de Noma.<\/p>\t\t\t\t\t\t\t\t<\/div>\n\t\t\t\t<\/div>\n\t\t\t\t\t<\/div>\n\t\t<\/div>\n\t\t\t\t\t<\/div>\n\t\t<\/section>\n\t\t\t\t<\/div>\n\t\t","protected":false},"excerpt":{"rendered":"<p>Donner des images Les sp\u00e9cifications : &#8211; Date limite de remise 07.04.2025&#8211; Par artiste max. 3 \u0153uvres&#8211; format 20&#215;20 cm (d&rsquo;autres formats sont propos\u00e9s en ligne mais ne sont pas expos\u00e9s \u00e0 la cave des vignerons)&#8211; signature au recto&#8211; verso : Nom de l&rsquo;artiste \/ Titre \/ Technique \/ Site web ou adresse mail Remise [&hellip;]<\/p>\n","protected":false},"author":124,"featured_media":0,"parent":0,"menu_order":0,"comment_status":"closed","ping_status":"closed","template":"","meta":{"footnotes":""},"class_list":["post-14838","page","type-page","status-publish","hentry"],"_links":{"self":[{"href":"https:\/\/20x20-projekt.com\/fr\/wp-json\/wp\/v2\/pages\/14838","targetHints":{"allow":["GET"]}}],"collection":[{"href":"https:\/\/20x20-projekt.com\/fr\/wp-json\/wp\/v2\/pages"}],"about":[{"href":"https:\/\/20x20-projekt.com\/fr\/wp-json\/wp\/v2\/types\/page"}],"author":[{"embeddable":true,"href":"https:\/\/20x20-projekt.com\/fr\/wp-json\/wp\/v2\/users\/124"}],"replies":[{"embeddable":true,"href":"https:\/\/20x20-projekt.com\/fr\/wp-json\/wp\/v2\/comments?post=14838"}],"version-history":[{"count":3,"href":"https:\/\/20x20-projekt.com\/fr\/wp-json\/wp\/v2\/pages\/14838\/revisions"}],"predecessor-version":[{"id":15268,"href":"https:\/\/20x20-projekt.com\/fr\/wp-json\/wp\/v2\/pages\/14838\/revisions\/15268"}],"wp:attachment":[{"href":"https:\/\/20x20-projekt.com\/fr\/wp-json\/wp\/v2\/media?parent=14838"}],"curies":[{"name":"wp","href":"https:\/\/api.w.org\/{rel}","templated":true}]}}