{"id":6454,"date":"2022-03-09T15:24:02","date_gmt":"2022-03-09T14:24:02","guid":{"rendered":"https:\/\/20x20-projekt.com\/le-club-des-arts\/"},"modified":"2025-01-31T15:41:11","modified_gmt":"2025-01-31T14:41:11","slug":"le-club-des-arts","status":"publish","type":"page","link":"https:\/\/20x20-projekt.com\/fr\/le-club-des-arts\/","title":{"rendered":"Le Club des Arts"},"content":{"rendered":"\t\t<div data-elementor-type=\"wp-page\" data-elementor-id=\"6454\" class=\"elementor elementor-6454 elementor-6441\">\n\t\t\t\t\t\t<section class=\"elementor-section elementor-top-section elementor-element elementor-element-7ca52f9 elementor-section-boxed elementor-section-height-default elementor-section-height-default\" data-id=\"7ca52f9\" data-element_type=\"section\" data-e-type=\"section\">\n\t\t\t\t\t\t<div class=\"elementor-container elementor-column-gap-default\">\n\t\t\t\t\t<div class=\"elementor-column elementor-col-50 elementor-top-column elementor-element elementor-element-b077917\" data-id=\"b077917\" data-element_type=\"column\" data-e-type=\"column\">\n\t\t\t<div class=\"elementor-widget-wrap elementor-element-populated\">\n\t\t\t\t\t\t<div class=\"elementor-element elementor-element-6f3e444 elementor-widget__width-initial elementor-widget elementor-widget-text-editor\" data-id=\"6f3e444\" data-element_type=\"widget\" data-e-type=\"widget\" data-widget_type=\"text-editor.default\">\n\t\t\t\t<div class=\"elementor-widget-container\">\n\t\t\t\t\t\t\t\t\t<p>L&rsquo;association artistique d&rsquo;Ingelheim (Kunstverein Ingelheim e.V.) promeut toutes les disciplines artistiques et montre l&rsquo;art cr\u00e9\u00e9 dans la ville et dans la r\u00e9gion.<br \/>\nElle offre \u00e0 tous les amateurs d&rsquo;art et aux artistes une plateforme vari\u00e9e et int\u00e9ressante. <\/p>\n<p>L&rsquo;association collabore depuis de nombreuses ann\u00e9es avec le projet 20&#215;20 et apporte son soutien notamment par le biais d&rsquo;\u0153uvres offertes par ses membres.<br \/>\nAinsi, en plus d&rsquo;enrichir nos vies, l&rsquo;art peut sauver des vies tous les jours ! <\/p>\n\t\t\t\t\t\t\t\t<\/div>\n\t\t\t\t<\/div>\n\t\t\t\t\t<\/div>\n\t\t<\/div>\n\t\t\t\t<div class=\"elementor-column elementor-col-50 elementor-top-column elementor-element elementor-element-0659ec5\" data-id=\"0659ec5\" data-element_type=\"column\" data-e-type=\"column\">\n\t\t\t<div class=\"elementor-widget-wrap elementor-element-populated\">\n\t\t\t\t\t\t<div class=\"elementor-element elementor-element-9126d98 elementor-widget elementor-widget-image\" data-id=\"9126d98\" data-element_type=\"widget\" data-e-type=\"widget\" data-widget_type=\"image.default\">\n\t\t\t\t<div class=\"elementor-widget-container\">\n\t\t\t\t\t\t\t\t\t\t\t\t\t\t\t\t<a href=\"https:\/\/www.kunstverein-ingelheim.de\">\n\t\t\t\t\t\t\t<img decoding=\"async\" src=\"https:\/\/20x20-projekt.com\/wp-content\/uploads\/2022\/09\/Kunstverein-Ingelheim-Foto-scaled.jpg\" title=\"\" alt=\"\" loading=\"lazy\" \/>\t\t\t\t\t\t\t\t<\/a>\n\t\t\t\t\t\t\t\t\t\t\t\t\t\t\t<\/div>\n\t\t\t\t<\/div>\n\t\t\t\t<div class=\"elementor-element elementor-element-e4b78c5 elementor-align-center elementor-widget elementor-widget-button\" data-id=\"e4b78c5\" data-element_type=\"widget\" data-e-type=\"widget\" data-widget_type=\"button.default\">\n\t\t\t\t<div class=\"elementor-widget-container\">\n\t\t\t\t\t\t\t\t\t<div class=\"elementor-button-wrapper\">\n\t\t\t\t\t<a class=\"elementor-button elementor-button-link elementor-size-md\" href=\"http:\/\/www.kunstverein-ingelheim.de\" target=\"_blank\">\n\t\t\t\t\t\t<span class=\"elementor-button-content-wrapper\">\n\t\t\t\t\t\t\t\t\t<span class=\"elementor-button-text\">Vers l'association artistique d'Ingelheim e.V.<\/span>\n\t\t\t\t\t<\/span>\n\t\t\t\t\t<\/a>\n\t\t\t\t<\/div>\n\t\t\t\t\t\t\t\t<\/div>\n\t\t\t\t<\/div>\n\t\t\t\t\t<\/div>\n\t\t<\/div>\n\t\t\t\t\t<\/div>\n\t\t<\/section>\n\t\t\t\t<section class=\"elementor-section elementor-top-section elementor-element elementor-element-bcc420d elementor-section-boxed elementor-section-height-default elementor-section-height-default\" data-id=\"bcc420d\" data-element_type=\"section\" data-e-type=\"section\">\n\t\t\t\t\t\t<div class=\"elementor-container elementor-column-gap-default\">\n\t\t\t\t\t<div class=\"elementor-column elementor-col-100 elementor-top-column elementor-element elementor-element-2568ea8\" data-id=\"2568ea8\" data-element_type=\"column\" data-e-type=\"column\">\n\t\t\t<div class=\"elementor-widget-wrap\">\n\t\t\t\t\t\t\t<\/div>\n\t\t<\/div>\n\t\t\t\t\t<\/div>\n\t\t<\/section>\n\t\t\t\t<\/div>\n\t\t","protected":false},"excerpt":{"rendered":"<p>L&rsquo;association artistique d&rsquo;Ingelheim (Kunstverein Ingelheim e.V.) promeut toutes les disciplines artistiques et montre l&rsquo;art cr\u00e9\u00e9 dans la ville et dans la r\u00e9gion. Elle offre \u00e0 tous les amateurs d&rsquo;art et aux artistes une plateforme vari\u00e9e et int\u00e9ressante. L&rsquo;association collabore depuis de nombreuses ann\u00e9es avec le projet 20&#215;20 et apporte son soutien notamment par le biais [&hellip;]<\/p>\n","protected":false},"author":1,"featured_media":0,"parent":0,"menu_order":0,"comment_status":"closed","ping_status":"closed","template":"","meta":{"footnotes":""},"class_list":["post-6454","page","type-page","status-publish","hentry"],"_links":{"self":[{"href":"https:\/\/20x20-projekt.com\/fr\/wp-json\/wp\/v2\/pages\/6454","targetHints":{"allow":["GET"]}}],"collection":[{"href":"https:\/\/20x20-projekt.com\/fr\/wp-json\/wp\/v2\/pages"}],"about":[{"href":"https:\/\/20x20-projekt.com\/fr\/wp-json\/wp\/v2\/types\/page"}],"author":[{"embeddable":true,"href":"https:\/\/20x20-projekt.com\/fr\/wp-json\/wp\/v2\/users\/1"}],"replies":[{"embeddable":true,"href":"https:\/\/20x20-projekt.com\/fr\/wp-json\/wp\/v2\/comments?post=6454"}],"version-history":[{"count":15,"href":"https:\/\/20x20-projekt.com\/fr\/wp-json\/wp\/v2\/pages\/6454\/revisions"}],"predecessor-version":[{"id":14877,"href":"https:\/\/20x20-projekt.com\/fr\/wp-json\/wp\/v2\/pages\/6454\/revisions\/14877"}],"wp:attachment":[{"href":"https:\/\/20x20-projekt.com\/fr\/wp-json\/wp\/v2\/media?parent=6454"}],"curies":[{"name":"wp","href":"https:\/\/api.w.org\/{rel}","templated":true}]}}