{"id":6456,"date":"2022-03-09T15:25:58","date_gmt":"2022-03-09T14:25:58","guid":{"rendered":"https:\/\/20x20-projekt.com\/lorganisme-daide\/"},"modified":"2025-03-21T02:12:18","modified_gmt":"2025-03-21T01:12:18","slug":"lorganisme-daide","status":"publish","type":"page","link":"https:\/\/20x20-projekt.com\/fr\/lorganisme-daide\/","title":{"rendered":"L&rsquo;ONG b\u00e9n\u00e9ficiaire"},"content":{"rendered":"\t\t<div data-elementor-type=\"wp-page\" data-elementor-id=\"6456\" class=\"elementor elementor-6456 elementor-6438\">\n\t\t\t\t\t\t<section class=\"elementor-section elementor-top-section elementor-element elementor-element-04d5603 elementor-section-boxed elementor-section-height-default elementor-section-height-default\" data-id=\"04d5603\" data-element_type=\"section\" data-e-type=\"section\">\n\t\t\t\t\t\t<div class=\"elementor-container elementor-column-gap-default\">\n\t\t\t\t\t<div class=\"elementor-column elementor-col-50 elementor-top-column elementor-element elementor-element-b0b235c\" data-id=\"b0b235c\" data-element_type=\"column\" data-e-type=\"column\">\n\t\t\t<div class=\"elementor-widget-wrap elementor-element-populated\">\n\t\t\t\t\t\t<div class=\"elementor-element elementor-element-722651f elementor-widget elementor-widget-text-editor\" data-id=\"722651f\" data-element_type=\"widget\" data-e-type=\"widget\" data-widget_type=\"text-editor.default\">\n\t\t\t\t<div class=\"elementor-widget-container\">\n\t\t\t\t\t\t\t\t\t<p>Le noma est une maladie bact\u00e9rienne, non contagieuse mais mortelle dans 80% des cas. Elle touche 100 000 enfants par an en Afrique. Pas assez ! Il ronge le visage des enfants en 2 semaines. La pr\u00e9vention peut emp\u00eacher le noma de se d\u00e9velopper en premier lieu ! Avec quelques euros, la maladie peut \u00eatre gu\u00e9rie d\u00e8s les premiers stades en 48 heures &#8211; de simples antibiotiques suffisent.<\/p><p>Gegen Noma-Parmed est une organisation ind\u00e9pendante \u00e0 but non lucratif. L&rsquo;association apporte une aide humanitaire et promeut le d\u00e9veloppement durable. Le but de l&rsquo;association, principalement en Afrique, est :<\/p><p>\u25ba La lutte contre le Noma, une maladie infantile<\/p><p>\u25ba L&rsquo;am\u00e9lioration des soins m\u00e9dicaux<\/p><p>\u25ba L&rsquo;am\u00e9lioration des conditions de vie<\/p><p>\u25ba La mise \u00e0 disposition d&rsquo;offres d&rsquo;\u00e9ducation et de formation<\/p><p>Cr\u00e9\u00e9e en 2008, l&rsquo;association compte aujourd&rsquo;hui 80 membres et membres bienfaiteurs ainsi qu&rsquo;une association s\u0153ur en France appel\u00e9e <a href=\"https:\/\/vaincre-noma.com\/\" target=\"_blank\" rel=\"noopener\">Vaincre Noma<\/a> .<\/p><p>L&rsquo;association est certifi\u00e9e par le <a href=\"https:\/\/www.dzi.de\/\" target=\"_blank\" rel=\"noopener\">Label du DZI<\/a> depuis ao\u00fbt 2013.<\/p>\t\t\t\t\t\t\t\t<\/div>\n\t\t\t\t<\/div>\n\t\t\t\t\t<\/div>\n\t\t<\/div>\n\t\t\t\t<div class=\"elementor-column elementor-col-50 elementor-top-column elementor-element elementor-element-ce1d6b0\" data-id=\"ce1d6b0\" data-element_type=\"column\" data-e-type=\"column\">\n\t\t\t<div class=\"elementor-widget-wrap elementor-element-populated\">\n\t\t\t\t\t\t<div class=\"elementor-element elementor-element-efa169c elementor-widget elementor-widget-image\" data-id=\"efa169c\" data-element_type=\"widget\" data-e-type=\"widget\" data-widget_type=\"image.default\">\n\t\t\t\t<div class=\"elementor-widget-container\">\n\t\t\t\t\t\t\t\t\t\t\t\t<figure class=\"wp-caption\">\n\t\t\t\t\t\t\t\t\t\t\t<a href=\"https:\/\/www.gegen-noma.de\/de\/\" target=\"_blank\">\n\t\t\t\t\t\t\t<img fetchpriority=\"high\" decoding=\"async\" width=\"1936\" height=\"1296\" src=\"https:\/\/20x20-projekt.com\/wp-content\/uploads\/2022\/03\/BurkinaFaso.jpg\" class=\"attachment-full size-full wp-image-6680\" alt=\"\" srcset=\"https:\/\/20x20-projekt.com\/wp-content\/uploads\/2022\/03\/BurkinaFaso.jpg 1936w, https:\/\/20x20-projekt.com\/wp-content\/uploads\/2022\/03\/BurkinaFaso-600x402.jpg 600w, https:\/\/20x20-projekt.com\/wp-content\/uploads\/2022\/03\/BurkinaFaso-300x201.jpg 300w, https:\/\/20x20-projekt.com\/wp-content\/uploads\/2022\/03\/BurkinaFaso-1024x685.jpg 1024w, https:\/\/20x20-projekt.com\/wp-content\/uploads\/2022\/03\/BurkinaFaso-768x514.jpg 768w, https:\/\/20x20-projekt.com\/wp-content\/uploads\/2022\/03\/BurkinaFaso-1536x1028.jpg 1536w, https:\/\/20x20-projekt.com\/wp-content\/uploads\/2022\/03\/BurkinaFaso-200x134.jpg 200w\" sizes=\"(max-width: 1936px) 100vw, 1936px\" \/>\t\t\t\t\t\t\t\t<\/a>\n\t\t\t\t\t\t\t\t\t\t\t<figcaption class=\"widget-image-caption wp-caption-text\"><\/figcaption>\n\t\t\t\t\t\t\t\t\t\t<\/figure>\n\t\t\t\t\t\t\t\t\t<\/div>\n\t\t\t\t<\/div>\n\t\t\t\t\t<\/div>\n\t\t<\/div>\n\t\t\t\t\t<\/div>\n\t\t<\/section>\n\t\t\t\t<section class=\"elementor-section elementor-top-section elementor-element elementor-element-f61ef64 elementor-section-boxed elementor-section-height-default elementor-section-height-default\" data-id=\"f61ef64\" data-element_type=\"section\" data-e-type=\"section\">\n\t\t\t\t\t\t<div class=\"elementor-container elementor-column-gap-default\">\n\t\t\t\t\t<div class=\"elementor-column elementor-col-100 elementor-top-column elementor-element elementor-element-12a0e37\" data-id=\"12a0e37\" data-element_type=\"column\" data-e-type=\"column\">\n\t\t\t<div class=\"elementor-widget-wrap elementor-element-populated\">\n\t\t\t\t\t\t<div class=\"elementor-element elementor-element-3724e66 elementor-widget elementor-widget-button\" data-id=\"3724e66\" data-element_type=\"widget\" data-e-type=\"widget\" data-widget_type=\"button.default\">\n\t\t\t\t<div class=\"elementor-widget-container\">\n\t\t\t\t\t\t\t\t\t<div class=\"elementor-button-wrapper\">\n\t\t\t\t\t<a class=\"elementor-button elementor-button-link elementor-size-sm\" href=\"https:\/\/www.gegen-noma.de\/fr\/\" target=\"_blank\">\n\t\t\t\t\t\t<span class=\"elementor-button-content-wrapper\">\n\t\t\t\t\t\t\t\t\t<span class=\"elementor-button-text\">En savoir plus sur l'association GEGEN NOMA PARMED EV<\/span>\n\t\t\t\t\t<\/span>\n\t\t\t\t\t<\/a>\n\t\t\t\t<\/div>\n\t\t\t\t\t\t\t\t<\/div>\n\t\t\t\t<\/div>\n\t\t\t\t\t<\/div>\n\t\t<\/div>\n\t\t\t\t\t<\/div>\n\t\t<\/section>\n\t\t\t\t<\/div>\n\t\t","protected":false},"excerpt":{"rendered":"<p>Le noma est une maladie bact\u00e9rienne, non contagieuse mais mortelle dans 80% des cas. Elle touche 100 000 enfants par an en Afrique. Pas assez ! Il ronge le visage des enfants en 2 semaines. La pr\u00e9vention peut emp\u00eacher le noma de se d\u00e9velopper en premier lieu ! Avec quelques euros, la maladie peut \u00eatre [&hellip;]<\/p>\n","protected":false},"author":1,"featured_media":0,"parent":0,"menu_order":0,"comment_status":"closed","ping_status":"closed","template":"","meta":{"footnotes":""},"class_list":["post-6456","page","type-page","status-publish","hentry"],"_links":{"self":[{"href":"https:\/\/20x20-projekt.com\/fr\/wp-json\/wp\/v2\/pages\/6456","targetHints":{"allow":["GET"]}}],"collection":[{"href":"https:\/\/20x20-projekt.com\/fr\/wp-json\/wp\/v2\/pages"}],"about":[{"href":"https:\/\/20x20-projekt.com\/fr\/wp-json\/wp\/v2\/types\/page"}],"author":[{"embeddable":true,"href":"https:\/\/20x20-projekt.com\/fr\/wp-json\/wp\/v2\/users\/1"}],"replies":[{"embeddable":true,"href":"https:\/\/20x20-projekt.com\/fr\/wp-json\/wp\/v2\/comments?post=6456"}],"version-history":[{"count":12,"href":"https:\/\/20x20-projekt.com\/fr\/wp-json\/wp\/v2\/pages\/6456\/revisions"}],"predecessor-version":[{"id":15242,"href":"https:\/\/20x20-projekt.com\/fr\/wp-json\/wp\/v2\/pages\/6456\/revisions\/15242"}],"wp:attachment":[{"href":"https:\/\/20x20-projekt.com\/fr\/wp-json\/wp\/v2\/media?parent=6456"}],"curies":[{"name":"wp","href":"https:\/\/api.w.org\/{rel}","templated":true}]}}