{"id":8937,"date":"2023-01-02T13:08:53","date_gmt":"2023-01-02T12:08:53","guid":{"rendered":"https:\/\/20x20-projekt.com\/sponsors\/"},"modified":"2023-04-27T12:28:18","modified_gmt":"2023-04-27T10:28:18","slug":"sponsors","status":"publish","type":"page","link":"https:\/\/20x20-projekt.com\/fr\/sponsors\/","title":{"rendered":"Partenaires"},"content":{"rendered":"\t\t<div data-elementor-type=\"wp-page\" data-elementor-id=\"8937\" class=\"elementor elementor-8937\">\n\t\t\t\t\t\t<section class=\"elementor-section elementor-top-section elementor-element elementor-element-c6c5cf4 elementor-section-boxed elementor-section-height-default elementor-section-height-default\" data-id=\"c6c5cf4\" data-element_type=\"section\" data-e-type=\"section\">\n\t\t\t\t\t\t<div class=\"elementor-container elementor-column-gap-default\">\n\t\t\t\t\t<div class=\"elementor-column elementor-col-50 elementor-top-column elementor-element elementor-element-dcf6180\" data-id=\"dcf6180\" data-element_type=\"column\" data-e-type=\"column\">\n\t\t\t<div class=\"elementor-widget-wrap elementor-element-populated\">\n\t\t\t\t\t\t<div class=\"elementor-element elementor-element-fe549f1 elementor-widget elementor-widget-heading\" data-id=\"fe549f1\" data-element_type=\"widget\" data-e-type=\"widget\" data-widget_type=\"heading.default\">\n\t\t\t\t<div class=\"elementor-widget-container\">\n\t\t\t\t\t<h2 class=\"elementor-heading-title elementor-size-default\">Artiste<\/h2>\t\t\t\t<\/div>\n\t\t\t\t<\/div>\n\t\t\t\t\t<\/div>\n\t\t<\/div>\n\t\t\t\t<div class=\"elementor-column elementor-col-50 elementor-top-column elementor-element elementor-element-c8a1864\" data-id=\"c8a1864\" data-element_type=\"column\" data-e-type=\"column\">\n\t\t\t<div class=\"elementor-widget-wrap elementor-element-populated\">\n\t\t\t\t\t\t<div class=\"elementor-element elementor-element-8d964e6 elementor-widget elementor-widget-heading\" data-id=\"8d964e6\" data-element_type=\"widget\" data-e-type=\"widget\" data-widget_type=\"heading.default\">\n\t\t\t\t<div class=\"elementor-widget-container\">\n\t\t\t\t\t<h2 class=\"elementor-heading-title elementor-size-default\">Sponsors<\/h2>\t\t\t\t<\/div>\n\t\t\t\t<\/div>\n\t\t\t\t\t<\/div>\n\t\t<\/div>\n\t\t\t\t\t<\/div>\n\t\t<\/section>\n\t\t\t\t<section class=\"elementor-section elementor-top-section elementor-element elementor-element-ea191a4 elementor-section-boxed elementor-section-height-default elementor-section-height-default\" data-id=\"ea191a4\" data-element_type=\"section\" data-e-type=\"section\">\n\t\t\t\t\t\t<div class=\"elementor-container elementor-column-gap-default\">\n\t\t\t\t\t<div class=\"elementor-column elementor-col-50 elementor-top-column elementor-element elementor-element-db874d7\" data-id=\"db874d7\" data-element_type=\"column\" data-e-type=\"column\">\n\t\t\t<div class=\"elementor-widget-wrap elementor-element-populated\">\n\t\t\t\t\t\t<div class=\"elementor-element elementor-element-edc3b66 elementor-widget elementor-widget-text-editor\" data-id=\"edc3b66\" data-element_type=\"widget\" data-e-type=\"widget\" data-widget_type=\"text-editor.default\">\n\t\t\t\t<div class=\"elementor-widget-container\">\n\t\t\t\t\t\t\t\t\t<table width=\"0\">\n<tbody>\n<tr>\n<td width=\"378\">\n<p>Alexis<\/p>\n<\/td>\n<\/tr>\n<tr>\n<td width=\"378\">\n<p>Andro Bakaloumis<\/p>\n<\/td>\n<\/tr>\n<tr>\n<td width=\"378\">\n<p><u><a href=\"http:\/\/www.karinboepple.de\/\" target=\"_blank\" rel=\"noopener\">Karin B\u00f6pple<\/a><\/u><\/p>\n<\/td>\n<\/tr>\n<tr>\n<td width=\"378\">\n<p>Herbert Bohner<\/p>\n<\/td>\n<\/tr>\n<tr>\n<td width=\"378\">\n<p>Theodor Buck<\/p>\n<\/td>\n<\/tr>\n<tr>\n<td width=\"378\">\n<p>Anestis Lazaridis<\/p>\n<\/td>\n<\/tr>\n<tr>\n<td width=\"378\">\n<p>Artemis<\/p>\n<\/td>\n<\/tr>\n<tr>\n<td width=\"378\">\n<p><u><a href=\"http:\/\/www.joanabernd.com\/\" target=\"_blank\" rel=\"noopener\">Joana Bernd<\/a><\/u><\/p>\n<\/td>\n<\/tr>\n<tr>\n<td width=\"378\">\n<p>Hans-Dieter Busch<\/p>\n<\/td>\n<\/tr>\n<tr>\n<td width=\"378\">\n<p>La Pavlinka, diepawlinka@gmail.com<\/p>\n<\/td>\n<\/tr>\n<tr>\n<td width=\"378\">\n<p>Helga D\u00f6rsam Riebel<\/p>\n<\/td>\n<\/tr>\n<tr>\n<td width=\"378\">\n<p>Brigitte Ehlers-Oberh\u00f6ffken<\/p>\n<\/td>\n<\/tr>\n<tr>\n<td width=\"378\">\n<p><u><a href=\"http:\/\/www.brigitte-farschon.de\/\" target=\"_blank\" rel=\"noopener\">Brigitte Farschon<\/a><\/u><\/p>\n<\/td>\n<\/tr>\n<tr>\n<td width=\"378\">\n<p><u><a href=\"http:\/\/www.lofeline69.wix.com\/illus%20Danuta%20Galetzka\" target=\"_blank\" rel=\"noopener\">Laurence F\u00e9line<\/a><\/u><\/p>\n<\/td>\n<\/tr>\n<tr>\n<td width=\"378\">\n<p>Danuta Galetzka<\/p>\n<\/td>\n<\/tr>\n<tr>\n<td width=\"378\">\n<p><u><a href=\"http:\/\/www.susangeel.de\/\" target=\"_blank\" rel=\"noopener\">Susan Geel<\/a><\/u><\/p>\n<\/td>\n<\/tr>\n<tr>\n<td width=\"378\">\n<p><u><a href=\"http:\/\/www.erikagerber.de\/\" target=\"_blank\" rel=\"noopener\">Erika Gerber<\/a><\/u><\/p>\n<\/td>\n<\/tr>\n<tr>\n<td width=\"378\">\n<p><u><a href=\"http:\/\/www.instagram.com\/13wunder\/\" target=\"_blank\" rel=\"noopener\">Gisa Gericke, design@gisagericke.de<\/a><\/u><\/p>\n<\/td>\n<\/tr>\n<tr>\n<td width=\"378\">\n<p>Konstantinos Giannakoulias<\/p>\n<\/td>\n<\/tr>\n<tr>\n<td width=\"378\">\n<p><u><a href=\"http:\/\/www.markushaub.com\/\" target=\"_blank\" rel=\"noopener\">Markus Haub<\/a><\/u><\/p>\n<\/td>\n<\/tr>\n<tr>\n<td width=\"378\">\n<p><u><a href=\"http:\/\/www.dettingerart.de\/\" target=\"_blank\" rel=\"noopener\">Roland Higelin<\/a><\/u><\/p>\n<\/td>\n<\/tr>\n<tr>\n<td width=\"378\">\n<p><u><a href=\"http:\/\/www.jensjuergenhuber.de\/\" target=\"_blank\" rel=\"noopener\">Jens J\u00fcrgen Huber<\/a><\/u><\/p>\n<\/td>\n<\/tr>\n<tr>\n<td width=\"378\">\n<p>Helga Idstein<\/p>\n<\/td>\n<\/tr>\n<tr>\n<td width=\"378\">\n<p>Barbara Jacobs-Fischer, barbara.j-f@gmx.de<\/p>\n<\/td>\n<\/tr>\n<tr>\n<td width=\"378\">\n<p><u><a href=\"https:\/\/www.hjo-kunst.de\/\" target=\"_blank\" rel=\"noopener\">Heide Justus-Obenauer<\/a><\/u><\/p>\n<\/td>\n<\/tr>\n<tr>\n<td width=\"378\">\n<p><u><a href=\"http:\/\/www.judita-lampe.de\/\" target=\"_blank\" rel=\"noopener\">Judita Lampe<\/a><\/u><\/p>\n<\/td>\n<\/tr>\n<tr>\n<td width=\"378\">\n<p>Leni et Jule<\/p>\n<\/td>\n<\/tr>\n<tr>\n<td width=\"378\">\n<p>G\u00fcnther Lenssing<\/p>\n<\/td>\n<\/tr>\n<tr>\n<td width=\"378\">\n<p>Lisa Leuschen, lisa.leuschen@gmx.de<\/p>\n<\/td>\n<\/tr>\n<tr>\n<td width=\"378\">\n<p>Lucas<\/p>\n<\/td>\n<\/tr>\n<tr>\n<td width=\"378\">\n<p>Eleni Kavatzikli<\/p>\n<\/td>\n<\/tr>\n<tr>\n<td width=\"378\">\n<p>Karin Klemm, wkklemm@arcor.de<\/p>\n<\/td>\n<\/tr>\n<tr>\n<td width=\"378\">\n<p>Luka Kr\u00e4mer, luka_kraemer@web.de<\/p>\n<\/td>\n<\/tr>\n<tr>\n<td width=\"378\">\n<p>Mia Kr\u00e4mer<\/p>\n<\/td>\n<\/tr>\n<tr>\n<td width=\"378\">\n<p>Cornelia K\u00f6gler, nele3258@aol.com<\/p>\n<\/td>\n<\/tr>\n<tr>\n<td width=\"378\">\n<p><u><a href=\"http:\/\/www.merklicht.de\/\" target=\"_blank\" rel=\"noopener\">Svenja K\u00f6gler<\/a><\/u><\/p>\n<\/td>\n<\/tr>\n<tr>\n<td width=\"378\">\n<p><u><a href=\"http:\/\/www.martinkosa.de\/\" target=\"_blank\" rel=\"noopener\">Martin Kosa<\/a><\/u><\/p>\n<\/td>\n<\/tr>\n<tr>\n<td width=\"378\">\n<p>Isolde Martin<\/p>\n<\/td>\n<\/tr>\n<tr>\n<td width=\"378\">\n<p><u><a href=\"http:\/\/www.art-maupin.de\/\" target=\"_blank\" rel=\"noopener\">Susana Maupin<\/a><\/u><\/p>\n<\/td>\n<\/tr>\n<tr>\n<td width=\"378\">\n<p><u><a href=\"http:\/\/www.instagram.com\/agnes.meller\" target=\"_blank\" rel=\"noopener\">Agnes Meller<\/a><\/u><\/p>\n<\/td>\n<\/tr>\n<tr>\n<td width=\"378\">\n<p>Gernot Meyer-Gr\u00f6nhof, meyer-groenhof.art@t-online.de<\/p>\n<\/td>\n<\/tr>\n<tr>\n<td width=\"378\">\n<p>Alexis Mi Peek<\/p>\n<\/td>\n<\/tr>\n<tr>\n<td width=\"378\">\n<p>Christine Mladek<\/p>\n<\/td>\n<\/tr>\n<tr>\n<td width=\"378\">\n<p><u><a href=\"http:\/\/www.sieglinde-nordmann.de\/\" target=\"_blank\" rel=\"noopener\">Sieglinde Nordmann<\/a><\/u><\/p>\n<\/td>\n<\/tr>\n<tr>\n<td width=\"378\">\n<p><u><a href=\"http:\/\/www.nowakunst.com\/\" target=\"_blank\" rel=\"noopener\">Rudi Nowak<\/a><\/u><\/p>\n<\/td>\n<\/tr>\n<tr>\n<td width=\"378\">\n<p>Pauline<\/p>\n<\/td>\n<\/tr>\n<tr>\n<td width=\"378\">\n<p>Phuong Nguyen<\/p>\n<\/td>\n<\/tr>\n<tr>\n<td width=\"378\">\n<p>Peter Sch\u00e4fer-Oswald, pschos@web.de<\/p>\n<\/td>\n<\/tr>\n<tr>\n<td width=\"378\">\n<p>Sandor Petrovics<\/p>\n<\/td>\n<\/tr>\n<tr>\n<td width=\"378\">\n<p>Katja Raab<\/p>\n<\/td>\n<\/tr>\n<tr>\n<td width=\"378\">\n<p>Kathrin Reinmuth-Selzle, k.selzle@web.de<\/p>\n<\/td>\n<\/tr>\n<tr>\n<td width=\"378\">\n<p><u><a href=\"http:\/\/www.dialogplusform.de\/\" target=\"_blank\" rel=\"noopener\">Rainer Matthias Richter<\/a><\/u><\/p>\n<\/td>\n<\/tr>\n<tr>\n<td width=\"378\">\n<p><u><a href=\"http:\/\/www.roger-richter.de\/\" target=\"_blank\" rel=\"noopener\">Roger Richter<\/a><\/u><\/p>\n<\/td>\n<\/tr>\n<tr>\n<td width=\"378\">\n<p>Gisela Ruth, gisela-ruth@t-online.de<\/p>\n<\/td>\n<\/tr>\n<tr>\n<td width=\"378\">\n<p><u><a href=\"https:\/\/www.instagram.com\/10000_dots_pictures_by_bernd_s\/\" target=\"_blank\" rel=\"noopener\">Bernd Sch\u00e4fer<\/a><\/u><\/p>\n<\/td>\n<\/tr>\n<tr>\n<td width=\"378\">\n<p>Thilo Sch\u00e4fer<\/p>\n<\/td>\n<\/tr>\n<tr>\n<td width=\"378\">\n<p>Lotta Scharhag<\/p>\n<\/td>\n<\/tr>\n<tr>\n<td width=\"378\">\n<p>Monika Scharhag, monika@scharhags.de<\/p>\n<\/td>\n<\/tr>\n<tr>\n<td width=\"378\">\n<p>Conny Schenk<\/p>\n<\/td>\n<\/tr>\n<tr>\n<td width=\"378\">\n<p>Petra Schippers, petra@schippers-design.de<\/p>\n<\/td>\n<\/tr>\n<tr>\n<td width=\"378\">\n<p><u><a href=\"http:\/\/www.leah-schmidt.com\/\" target=\"_blank\" rel=\"noopener\">Leah Schmidt<\/a><\/u><\/p>\n<\/td>\n<\/tr>\n<tr>\n<td width=\"378\">\n<p>Inge Schneider, ingeschneider.vienken@gmail.com<\/p>\n<\/td>\n<\/tr>\n<tr>\n<td width=\"378\">\n<p>Wilfried Schnell, compoundsi@gmx.de<\/p>\n<\/td>\n<\/tr>\n<tr>\n<td width=\"378\">\n<p>Ulrike Rowen<\/p>\n<\/td>\n<\/tr>\n<tr>\n<td width=\"378\">\n<p>Christine Sipp<\/p>\n<\/td>\n<\/tr>\n<tr>\n<td width=\"378\">\n<p><u><a href=\"http:\/\/www.steinerart.de\/\" target=\"_blank\" rel=\"noopener\">Philippe Steiner<\/a><\/u><\/p>\n<\/td>\n<\/tr>\n<tr>\n<td width=\"378\">\n<p>Sigrid Stollenwerk, fotomalerei.sigrid.stollenwerk@t-online.de<\/p>\n<\/td>\n<\/tr>\n<tr>\n<td width=\"378\">\n<p>Titus<\/p>\n<\/td>\n<\/tr>\n<tr>\n<td width=\"378\">\n<p><u><a href=\"http:\/\/www.studio-h49.com\/\" target=\"_blank\" rel=\"noopener\">Susana de Val D&rsquo;Espaux<\/a><\/u><\/p>\n<\/td>\n<\/tr>\n<tr>\n<td width=\"378\">\n<p><u><a href=\"http:\/\/www.meike-valentin.de\/\" target=\"_blank\" rel=\"noopener\">Meike Valentin<\/a><\/u><\/p>\n<\/td>\n<\/tr>\n<tr>\n<td width=\"378\">\n<p>Martin Villbrandt<\/p>\n<\/td>\n<\/tr>\n<tr>\n<td width=\"378\">\n<p><u><a href=\"http:\/\/www.amador.de\/\" target=\"_blank\" rel=\"noopener\">Amador Vallina<\/a><\/u><\/p>\n<\/td>\n<\/tr>\n<tr>\n<td width=\"378\">\n<p>Karin Weber<\/p>\n<\/td>\n<\/tr>\n<tr>\n<td width=\"378\">\n<p><u><a href=\"http:\/\/kunstwert.net\/\" target=\"_blank\" rel=\"noopener\">Daniela Wertel<\/a><\/u><\/p>\n<\/td>\n<\/tr>\n<tr>\n<td width=\"378\">\n<p><u><a href=\"http:\/\/instagram.com\/frauspieglein\/\" target=\"_blank\" rel=\"noopener\">Kristin Weyell<\/a><\/u><\/p>\n<\/td>\n<\/tr>\n<tr>\n<td width=\"378\">\n<p>Holger Weyer<\/p>\n<\/td>\n<\/tr>\n<tr>\n<td width=\"378\">\n<p><u><a href=\"http:\/\/www.mirakelart.de\/\" target=\"_blank\" rel=\"noopener\">Elmira Wilms<\/a><\/u><\/p>\n<\/td>\n<\/tr>\n<tr>\n<td width=\"378\">\n<p>Yvonne Wilms<\/p>\n<\/td>\n<\/tr>\n<tr>\n<td width=\"378\">\n<p><u><a href=\"http:\/\/www.winkler-suesse.de\/\" target=\"_blank\" rel=\"noopener\">Antje Winkler-S\u00fc\u00dfe<\/a><\/u><\/p>\n<\/td>\n<\/tr>\n<tr>\n<td width=\"378\">\n<p>Doris Zech, d.zech@gmx.de<\/p>\n<\/td>\n<\/tr>\n<\/tbody>\n<\/table>\n\t\t\t\t\t\t\t\t<\/div>\n\t\t\t\t<\/div>\n\t\t\t\t\t<\/div>\n\t\t<\/div>\n\t\t\t\t<div class=\"elementor-column elementor-col-50 elementor-top-column elementor-element elementor-element-938b11b\" data-id=\"938b11b\" data-element_type=\"column\" data-e-type=\"column\">\n\t\t\t<div class=\"elementor-widget-wrap elementor-element-populated\">\n\t\t\t\t\t\t<div class=\"elementor-element elementor-element-a1ed7b8 elementor-widget elementor-widget-text-editor\" data-id=\"a1ed7b8\" data-element_type=\"widget\" data-e-type=\"widget\" data-widget_type=\"text-editor.default\">\n\t\t\t\t<div class=\"elementor-widget-container\">\n\t\t\t\t\t\t\t\t\t<table>\n<tbody>\n<tr>\n<td width=\"245\">\n<p><a href=\"https:\/\/winzerkelleringelheim.de\/pages\/winzerkelleringelheim\" target=\"_blank\" rel=\"noopener\">Restaurant de la cave du vigneron d&rsquo;Ingelheim<\/a><\/p>\n<\/td>\n<\/tr>\n<tr>\n<td width=\"245\">\n<p><a href=\"http:\/\/ingelheimer-winzerkeller.de\/vinothek\/\" target=\"_blank\" rel=\"noopener\">Vinoth\u00e8que de la cave des vignerons d&rsquo;Ingelheim<\/a><\/p>\n<\/td>\n<\/tr>\n<tr>\n<td width=\"245\">\n<p><a href=\"http:\/\/www.weingut.bettenheimer.de\/\" target=\"_blank\" rel=\"noopener\">Domaine viticole Bettenheimer<\/a><\/p>\n<\/td>\n<\/tr>\n<tr>\n<td width=\"245\">\n<p><a href=\"http:\/\/www.weingut-merl.de\/\" target=\"_blank\" rel=\"noopener\">Domaine viticole Merl<\/a><\/p>\n<\/td>\n<\/tr>\n<tr>\n<td width=\"245\">\n<p><a href=\"http:\/\/www.wasem.de\/\" target=\"_blank\" rel=\"noopener\">Domaine viticole Wasem<\/a><\/p>\n<\/td>\n<\/tr>\n<tr>\n<td width=\"245\">\n<p><a href=\"http:\/\/www.biowein-weitzel.de\/\" target=\"_blank\" rel=\"noopener\">Domaine viticole E. Weitzel<\/a><\/p>\n<\/td>\n<\/tr>\n<\/tbody>\n<\/table>\n\t\t\t\t\t\t\t\t<\/div>\n\t\t\t\t<\/div>\n\t\t\t\t\t<\/div>\n\t\t<\/div>\n\t\t\t\t\t<\/div>\n\t\t<\/section>\n\t\t\t\t<\/div>\n\t\t","protected":false},"excerpt":{"rendered":"<p>Artiste Sponsors Alexis Andro Bakaloumis Karin B\u00f6pple Herbert Bohner Theodor Buck Anestis Lazaridis Artemis Joana Bernd Hans-Dieter Busch La Pavlinka, diepawlinka@gmail.com Helga D\u00f6rsam Riebel Brigitte Ehlers-Oberh\u00f6ffken Brigitte Farschon Laurence F\u00e9line Danuta Galetzka Susan Geel Erika Gerber Gisa Gericke, design@gisagericke.de Konstantinos Giannakoulias Markus Haub Roland Higelin Jens J\u00fcrgen Huber Helga Idstein Barbara Jacobs-Fischer, barbara.j-f@gmx.de Heide Justus-Obenauer [&hellip;]<\/p>\n","protected":false},"author":1,"featured_media":0,"parent":0,"menu_order":0,"comment_status":"closed","ping_status":"closed","template":"","meta":{"footnotes":""},"class_list":["post-8937","page","type-page","status-publish","hentry"],"_links":{"self":[{"href":"https:\/\/20x20-projekt.com\/fr\/wp-json\/wp\/v2\/pages\/8937","targetHints":{"allow":["GET"]}}],"collection":[{"href":"https:\/\/20x20-projekt.com\/fr\/wp-json\/wp\/v2\/pages"}],"about":[{"href":"https:\/\/20x20-projekt.com\/fr\/wp-json\/wp\/v2\/types\/page"}],"author":[{"embeddable":true,"href":"https:\/\/20x20-projekt.com\/fr\/wp-json\/wp\/v2\/users\/1"}],"replies":[{"embeddable":true,"href":"https:\/\/20x20-projekt.com\/fr\/wp-json\/wp\/v2\/comments?post=8937"}],"version-history":[{"count":4,"href":"https:\/\/20x20-projekt.com\/fr\/wp-json\/wp\/v2\/pages\/8937\/revisions"}],"predecessor-version":[{"id":11268,"href":"https:\/\/20x20-projekt.com\/fr\/wp-json\/wp\/v2\/pages\/8937\/revisions\/11268"}],"wp:attachment":[{"href":"https:\/\/20x20-projekt.com\/fr\/wp-json\/wp\/v2\/media?parent=8937"}],"curies":[{"name":"wp","href":"https:\/\/api.w.org\/{rel}","templated":true}]}}