{"id":17833,"date":"2026-04-25T10:38:58","date_gmt":"2026-04-25T08:38:58","guid":{"rendered":"https:\/\/20x20-projekt.com\/?post_type=product&#038;p=17833"},"modified":"2026-04-30T10:25:08","modified_gmt":"2026-04-30T08:25:08","slug":"000-3-jean-francois-courtilat","status":"publish","type":"product","link":"https:\/\/20x20-projekt.com\/fr\/auctions\/000-3-jean-francois-courtilat\/","title":{"rendered":"000-3 Jean Francois Courtilat"},"content":{"rendered":"<p>Jean Francois Courtilat<\/p>\n<p>Lasergraviertes Geschenkpapier hinter Glas in schwarzem Metallrahmen<\/p>\n<p>19,2 x 19,2 cm<\/p>\n<p>courtilatjf@free.fr<\/p>\n<p><a href=\"https:\/\/www.reseaux-artistes.fr\/dossiers\/jean-francois-courtilat\/#travaux\" target=\"_blank\" rel=\"noopener\">www.reseaux-artistes.fr\/dossiers\/jean-francois-courtilat<\/a><\/p>\n<div class=\"n6owBd awi2gc\" data-sfc-cp=\"\" data-sfc-root=\"c\" data-sfc-cb=\"\" data-hveid=\"CAEIBxAA\" data-complete=\"true\" data-processed=\"true\"><strong class=\"Yjhzub\" data-sfc-root=\"c\" data-sfc-cb=\"\" data-complete=\"true\" data-processed=\"true\">Jean-Fran\u00e7ois Courtilat \u2013 \u00c4sthetik trifft Engagement<\/strong><br data-sfc-root=\"c\" data-sfc-pl=\"|[]\" data-sfc-cb=\"\" data-complete=\"true\" data-processed=\"true\" \/>Durch die pr\u00e4zise Technik des Laserschnitts erhebt Jean-Fran\u00e7ois Courtilat einfaches Geschenkpapier in den Rang der abstrakten Kunst. Seine geschichteten Werke symbolisieren das Schenken und Teilen \u2013 ein Leitmotiv, das er durch Spenden f\u00fcr wohlt\u00e4tige Zwecke bei jedem Verkauf direkt in die Tat umsetzt. Ein inspirierender Dialog zwischen Alltagsgegenstand, Emotion und sozialer Verantwortung.<button class=\"rBl3me\" tabindex=\"0\" data-amic=\"true\" data-icl-uuid=\"5e3a6635-d453-4dec-8399-1b7f412cc223\" aria-label=\"Zugeh\u00f6rige Links ansehen\" data-wiz-attrbind=\"disabled=C4VwRb_1d\/C5gNJc;aria-label=C4VwRb_1d\/bOjMyf;class=C4VwRb_1d\/UpSNec\" data-ved=\"2ahUKEwig5Z_o0pCUAxXz_7sIHRAIIGoQye0OegYIAQgHEAE\" data-hveid=\"CAEIBxAB\"><\/button><\/div>\n","protected":false},"excerpt":{"rendered":"<p>Jean Francois Courtilat Lasergraviertes Geschenkpapier hinter Glas in schwarzem Metallrahmen 19,2 x 19,2 cm courtilatjf@free.fr www.reseaux-artistes.fr\/dossiers\/jean-francois-courtilat Jean-Fran\u00e7ois Courtilat \u2013 \u00c4sthetik trifft EngagementDurch die pr\u00e4zise Technik des Laserschnitts erhebt Jean-Fran\u00e7ois Courtilat einfaches Geschenkpapier in den Rang der abstrakten Kunst. Seine geschichteten Werke symbolisieren das Schenken und Teilen \u2013 ein Leitmotiv, das er durch Spenden f\u00fcr wohlt\u00e4tige [&hellip;]<\/p>\n","protected":false},"featured_media":17820,"template":"","meta":[],"product_brand":[],"product_cat":[307],"product_tag":[],"class_list":{"0":"post-17833","1":"product","2":"type-product","3":"status-publish","4":"has-post-thumbnail","6":"product_cat-20x20","8":"first","9":"instock","10":"sold-individually","11":"taxable","12":"shipping-taxable","13":"product-type-auction"},"_links":{"self":[{"href":"https:\/\/20x20-projekt.com\/fr\/wp-json\/wp\/v2\/product\/17833","targetHints":{"allow":["GET"]}}],"collection":[{"href":"https:\/\/20x20-projekt.com\/fr\/wp-json\/wp\/v2\/product"}],"about":[{"href":"https:\/\/20x20-projekt.com\/fr\/wp-json\/wp\/v2\/types\/product"}],"version-history":[{"count":5,"href":"https:\/\/20x20-projekt.com\/fr\/wp-json\/wp\/v2\/product\/17833\/revisions"}],"predecessor-version":[{"id":17951,"href":"https:\/\/20x20-projekt.com\/fr\/wp-json\/wp\/v2\/product\/17833\/revisions\/17951"}],"wp:featuredmedia":[{"embeddable":true,"href":"https:\/\/20x20-projekt.com\/fr\/wp-json\/wp\/v2\/media\/17820"}],"wp:attachment":[{"href":"https:\/\/20x20-projekt.com\/fr\/wp-json\/wp\/v2\/media?parent=17833"}],"wp:term":[{"taxonomy":"product_brand","embeddable":true,"href":"https:\/\/20x20-projekt.com\/fr\/wp-json\/wp\/v2\/product_brand?post=17833"},{"taxonomy":"product_cat","embeddable":true,"href":"https:\/\/20x20-projekt.com\/fr\/wp-json\/wp\/v2\/product_cat?post=17833"},{"taxonomy":"product_tag","embeddable":true,"href":"https:\/\/20x20-projekt.com\/fr\/wp-json\/wp\/v2\/product_tag?post=17833"}],"curies":[{"name":"wp","href":"https:\/\/api.w.org\/{rel}","templated":true}]}}